{"id":945,"date":"2024-11-05T17:28:47","date_gmt":"2024-11-05T17:28:47","guid":{"rendered":"https:\/\/design.elegance-group.ca\/realisations\/"},"modified":"2025-01-22T17:25:39","modified_gmt":"2025-01-22T17:25:39","slug":"portfolio","status":"publish","type":"page","link":"https:\/\/design.elegance-group.ca\/en\/portfolio\/","title":{"rendered":"Portfolio"},"content":{"rendered":"\t\t<div data-elementor-type=\"wp-page\" data-elementor-id=\"945\" class=\"elementor elementor-945 elementor-162\" data-elementor-post-type=\"page\">\n\t\t\t\t\t\t<section class=\"elementor-section elementor-top-section elementor-element elementor-element-4ddac211 elementor-section-height-min-height elementor-section-boxed elementor-section-height-default elementor-section-items-middle\" data-id=\"4ddac211\" data-element_type=\"section\" data-e-type=\"section\" data-settings=\"{&quot;background_background&quot;:&quot;classic&quot;}\">\n\t\t\t\t\t\t\t<div class=\"elementor-background-overlay\"><\/div>\n\t\t\t\t\t\t\t<div class=\"elementor-container elementor-column-gap-default\">\n\t\t\t\t\t<div class=\"elementor-column elementor-col-100 elementor-top-column elementor-element elementor-element-7086333f\" data-id=\"7086333f\" data-element_type=\"column\" data-e-type=\"column\">\n\t\t\t<div class=\"elementor-widget-wrap elementor-element-populated\">\n\t\t\t\t\t\t<div class=\"elementor-element elementor-element-6211a3d0 elementor-widget elementor-widget-elementskit-heading\" data-id=\"6211a3d0\" data-element_type=\"widget\" data-e-type=\"widget\" data-widget_type=\"elementskit-heading.default\">\n\t\t\t\t<div class=\"elementor-widget-container\">\n\t\t\t\t\t<div class=\"ekit-wid-con\" ><div class=\"ekit-heading elementskit-section-title-wraper text_center   ekit_heading_tablet-text_center   ekit_heading_mobile-text_center\"><\/div><\/div>\t\t\t\t<\/div>\n\t\t\t\t<\/div>\n\t\t\t\t\t<\/div>\n\t\t<\/div>\n\t\t\t\t\t<\/div>\n\t\t<\/section>\n\t\t\t\t<section class=\"elementor-section elementor-top-section elementor-element elementor-element-90042ee elementor-section-boxed elementor-section-height-default elementor-section-height-default\" data-id=\"90042ee\" data-element_type=\"section\" data-e-type=\"section\" data-settings=\"{&quot;background_background&quot;:&quot;classic&quot;}\">\n\t\t\t\t\t\t<div class=\"elementor-container elementor-column-gap-default\">\n\t\t\t\t\t<div class=\"elementor-column elementor-col-100 elementor-top-column elementor-element elementor-element-252047d\" data-id=\"252047d\" data-element_type=\"column\" data-e-type=\"column\">\n\t\t\t<div class=\"elementor-widget-wrap elementor-element-populated\">\n\t\t\t\t\t\t<section class=\"elementor-section elementor-inner-section elementor-element elementor-element-1d6b7f5 elementor-section-content-middle elementor-section-boxed elementor-section-height-default elementor-section-height-default\" data-id=\"1d6b7f5\" data-element_type=\"section\" data-e-type=\"section\">\n\t\t\t\t\t\t<div class=\"elementor-container elementor-column-gap-no\">\n\t\t\t\t\t<div class=\"elementor-column elementor-col-50 elementor-inner-column elementor-element elementor-element-32aae41\" data-id=\"32aae41\" data-element_type=\"column\" data-e-type=\"column\">\n\t\t\t<div class=\"elementor-widget-wrap elementor-element-populated\">\n\t\t\t\t\t\t<div class=\"elementor-element elementor-element-3b6a762 elementor-widget elementor-widget-elementskit-heading\" data-id=\"3b6a762\" data-element_type=\"widget\" data-e-type=\"widget\" data-widget_type=\"elementskit-heading.default\">\n\t\t\t\t<div class=\"elementor-widget-container\">\n\t\t\t\t\t<div class=\"ekit-wid-con\" ><div class=\"ekit-heading elementskit-section-title-wraper text_left   ekit_heading_tablet-text_left   ekit_heading_mobile-text_center\"><h2 class=\"ekit-heading--title elementskit-section-title \"> Discover our portfolio of <span>inspiring achievements<\/span><\/h2><\/div><\/div>\t\t\t\t<\/div>\n\t\t\t\t<\/div>\n\t\t\t\t\t<\/div>\n\t\t<\/div>\n\t\t\t\t<div class=\"elementor-column elementor-col-50 elementor-inner-column elementor-element elementor-element-599456a\" data-id=\"599456a\" data-element_type=\"column\" data-e-type=\"column\">\n\t\t\t<div class=\"elementor-widget-wrap elementor-element-populated\">\n\t\t\t\t\t\t<div class=\"elementor-element elementor-element-93aa59e elementor-widget elementor-widget-heading\" data-id=\"93aa59e\" data-element_type=\"widget\" data-e-type=\"widget\" data-widget_type=\"heading.default\">\n\t\t\t\t<div class=\"elementor-widget-container\">\n\t\t\t\t\t<p class=\"elementor-heading-title elementor-size-default\">Each project reflects our attention to detail and our commitment to creating aesthetic and functional spaces, whether for kitchens, bathrooms, living rooms, or closets.<\/p>\t\t\t\t<\/div>\n\t\t\t\t<\/div>\n\t\t\t\t\t<\/div>\n\t\t<\/div>\n\t\t\t\t\t<\/div>\n\t\t<\/section>\n\t\t\t\t<section class=\"elementor-section elementor-inner-section elementor-element elementor-element-6b67774 elementor-section-boxed elementor-section-height-default elementor-section-height-default\" data-id=\"6b67774\" data-element_type=\"section\" data-e-type=\"section\">\n\t\t\t\t\t\t<div class=\"elementor-container elementor-column-gap-no\">\n\t\t\t\t\t<div class=\"elementor-column elementor-col-100 elementor-inner-column elementor-element elementor-element-f33b9e1\" data-id=\"f33b9e1\" data-element_type=\"column\" data-e-type=\"column\">\n\t\t\t<div class=\"elementor-widget-wrap elementor-element-populated\">\n\t\t\t\t\t\t<div class=\"elementor-element elementor-element-dacad68 ekit-image-accordion-hover ekit-image-accordion-mobile-vertical ekit-image-accordion-horizontal elementor-widget elementor-widget-elementskit-image-accordion\" data-id=\"dacad68\" data-element_type=\"widget\" data-e-type=\"widget\" data-widget_type=\"elementskit-image-accordion.default\">\n\t\t\t\t<div class=\"elementor-widget-container\">\n\t\t\t\t\t<div class=\"ekit-wid-con\" >\t\t<div class=\"ekit-image-accordion elementskit-image-accordion-wraper\">\n\t\t\t                <input type=\"radio\" name=\"ekit_ia_dacad68\" id=\"ekit_ia_dacad68_0\" class=\"elementskit-single-image-accordion--input\" hidden>\n                <label for=\"ekit_ia_dacad68_0\" class=\"elementskit-single-image-accordion ekit-image-accordion-item\" style=\"background-image: url(http:\/\/design.elegance-group.ca\/wp-content\/uploads\/sites\/3\/2024\/12\/design-elegance-acceuil-portfolio-2-1.jpg)\">\n                    <span class=\"elementskit-accordion-content\">\n\t\t\t\t\t\t\t\t\t\t\t\t\t<span class=\"elementskit-accordion-title-wraper\">\n\t\t\t\t\t\t\t\t<span class=\"elementskit-accordion-title \">\n\t\t\t\t\t\t\t\t\n\t\t\t\t\t\t\t\t\n\t\t\t\t\t\t\t\t\t\t\t\t\t\t\t\t<\/span>\n\t\t\t\t\t\t\t<\/span>\n\t\t\t\t\t\t\t                    <\/span>\n                <\/label>\n                            <input type=\"radio\" name=\"ekit_ia_dacad68\" id=\"ekit_ia_dacad68_1\" class=\"elementskit-single-image-accordion--input\" hidden>\n                <label for=\"ekit_ia_dacad68_1\" class=\"elementskit-single-image-accordion ekit-image-accordion-item\" style=\"background-image: url(http:\/\/design.elegance-group.ca\/wp-content\/uploads\/sites\/3\/2024\/12\/design-elegance-acceuil-portfolio-2-2.jpg)\">\n                    <span class=\"elementskit-accordion-content\">\n\t\t\t\t\t\t\t\t\t\t\t\t\t<span class=\"elementskit-accordion-title-wraper\">\n\t\t\t\t\t\t\t\t<span class=\"elementskit-accordion-title \">\n\t\t\t\t\t\t\t\t\n\t\t\t\t\t\t\t\t\n\t\t\t\t\t\t\t\t\t\t\t\t\t\t\t\t<\/span>\n\t\t\t\t\t\t\t<\/span>\n\t\t\t\t\t\t\t                    <\/span>\n                <\/label>\n                            <input type=\"radio\" name=\"ekit_ia_dacad68\" id=\"ekit_ia_dacad68_2\" class=\"elementskit-single-image-accordion--input\" hidden>\n                <label for=\"ekit_ia_dacad68_2\" class=\"elementskit-single-image-accordion ekit-image-accordion-item\" style=\"background-image: url(http:\/\/design.elegance-group.ca\/wp-content\/uploads\/sites\/3\/2024\/12\/design-elegance-acceuil-portfolio-2-3.jpg)\">\n                    <span class=\"elementskit-accordion-content\">\n\t\t\t\t\t\t\t\t\t\t\t\t\t<span class=\"elementskit-accordion-title-wraper\">\n\t\t\t\t\t\t\t\t<span class=\"elementskit-accordion-title \">\n\t\t\t\t\t\t\t\t\n\t\t\t\t\t\t\t\t\n\t\t\t\t\t\t\t\t\t\t\t\t\t\t\t\t<\/span>\n\t\t\t\t\t\t\t<\/span>\n\t\t\t\t\t\t\t                    <\/span>\n                <\/label>\n                    <\/div>\n    <\/div>\t\t\t\t<\/div>\n\t\t\t\t<\/div>\n\t\t\t\t\t<\/div>\n\t\t<\/div>\n\t\t\t\t\t<\/div>\n\t\t<\/section>\n\t\t\t\t<section class=\"elementor-section elementor-inner-section elementor-element elementor-element-70c5aeb elementor-section-boxed elementor-section-height-default elementor-section-height-default\" data-id=\"70c5aeb\" data-element_type=\"section\" data-e-type=\"section\">\n\t\t\t\t\t\t<div class=\"elementor-container elementor-column-gap-no\">\n\t\t\t\t\t<div class=\"elementor-column elementor-col-100 elementor-inner-column elementor-element elementor-element-dd2a92e\" data-id=\"dd2a92e\" data-element_type=\"column\" data-e-type=\"column\">\n\t\t\t<div class=\"elementor-widget-wrap elementor-element-populated\">\n\t\t\t\t\t\t<div class=\"elementor-element elementor-element-c0c592d ekit-image-accordion-hover ekit-image-accordion-mobile-vertical ekit-image-accordion-horizontal elementor-widget elementor-widget-elementskit-image-accordion\" data-id=\"c0c592d\" data-element_type=\"widget\" data-e-type=\"widget\" data-widget_type=\"elementskit-image-accordion.default\">\n\t\t\t\t<div class=\"elementor-widget-container\">\n\t\t\t\t\t<div class=\"ekit-wid-con\" >\t\t<div class=\"ekit-image-accordion elementskit-image-accordion-wraper\">\n\t\t\t                <input type=\"radio\" name=\"ekit_ia_c0c592d\" id=\"ekit_ia_c0c592d_0\" class=\"elementskit-single-image-accordion--input\" hidden>\n                <label for=\"ekit_ia_c0c592d_0\" class=\"elementskit-single-image-accordion ekit-image-accordion-item\" style=\"background-image: url(http:\/\/design.elegance-group.ca\/wp-content\/uploads\/sites\/3\/2024\/12\/design-elegance-acceuil-portfolio-3-2.jpg)\">\n                    <span class=\"elementskit-accordion-content\">\n\t\t\t\t\t\t\t\t\t\t\t\t\t<span class=\"elementskit-accordion-title-wraper\">\n\t\t\t\t\t\t\t\t<span class=\"elementskit-accordion-title \">\n\t\t\t\t\t\t\t\t\n\t\t\t\t\t\t\t\t\n\t\t\t\t\t\t\t\t\t\t\t\t\t\t\t\t<\/span>\n\t\t\t\t\t\t\t<\/span>\n\t\t\t\t\t\t\t                    <\/span>\n                <\/label>\n                            <input type=\"radio\" name=\"ekit_ia_c0c592d\" id=\"ekit_ia_c0c592d_1\" class=\"elementskit-single-image-accordion--input\" hidden>\n                <label for=\"ekit_ia_c0c592d_1\" class=\"elementskit-single-image-accordion ekit-image-accordion-item\" style=\"background-image: url(http:\/\/design.elegance-group.ca\/wp-content\/uploads\/sites\/3\/2024\/12\/design-elegance-acceuil-portfolio-3-1.jpg)\">\n                    <span class=\"elementskit-accordion-content\">\n\t\t\t\t\t\t\t\t\t\t\t\t\t<span class=\"elementskit-icon-wraper ekit-image-accordion-actions\">\n\t\t\t\t\t\t\t\t\t\t\t\t\t\t\t\t<a data-elementor-open-lightbox=\"yes\" data-elementor-lightbox-slideshow=\"c0c592d\" data-elementor-lightbox-title=\"design-elegance-acceuil-portfolio-3-1\" data-e-action-hash=\"#elementor-action%3Aaction%3Dlightbox%26settings%3DeyJpZCI6Nzk1LCJ1cmwiOiJodHRwczpcL1wvZGVzaWduLmVsZWdhbmNlLWdyb3VwLmNhXC93cC1jb250ZW50XC91cGxvYWRzXC9zaXRlc1wvM1wvMjAyNFwvMTJcL2Rlc2lnbi1lbGVnYW5jZS1hY2NldWlsLXBvcnRmb2xpby0zLTEuanBnIiwic2xpZGVzaG93IjoiYzBjNTkyZCJ9\" href=\"http:\/\/design.elegance-group.ca\/wp-content\/uploads\/sites\/3\/2024\/12\/design-elegance-acceuil-portfolio-3-1.jpg\" aria-label=\"pupup-button\" class=\"icon-outline circle\">\n\t\t\t\t\t\t\t\t\t<i aria-hidden=\"true\" class=\"icon icon-plus\"><\/i>\t\t\t\t\t\t\t\t\t<\/a>\n\t\t\t\t\t\t\t\t\t\t\t\t\t\t\t\t\t\t\t\t\t<\/span>\n\t\t\t\t\t\t\t\t\t\t\t\t\t\t<span class=\"elementskit-accordion-title-wraper\">\n\t\t\t\t\t\t\t\t<span class=\"elementskit-accordion-title \">\n\t\t\t\t\t\t\t\t\n\t\t\t\t\t\t\t\t\n\t\t\t\t\t\t\t\t\t\t\t\t\t\t\t\t<\/span>\n\t\t\t\t\t\t\t<\/span>\n\t\t\t\t\t\t\t                    <\/span>\n                <\/label>\n                            <input type=\"radio\" name=\"ekit_ia_c0c592d\" id=\"ekit_ia_c0c592d_2\" class=\"elementskit-single-image-accordion--input\" hidden>\n                <label for=\"ekit_ia_c0c592d_2\" class=\"elementskit-single-image-accordion ekit-image-accordion-item\" style=\"background-image: url(http:\/\/design.elegance-group.ca\/wp-content\/uploads\/sites\/3\/2024\/12\/design-elegance-acceuil-portfolio-3-3.jpg)\">\n                    <span class=\"elementskit-accordion-content\">\n\t\t\t\t\t\t\t\t\t\t\t\t\t<span class=\"elementskit-icon-wraper ekit-image-accordion-actions\">\n\t\t\t\t\t\t\t\t\t\t\t\t\t\t\t\t<a data-elementor-open-lightbox=\"yes\" data-elementor-lightbox-slideshow=\"c0c592d\" data-elementor-lightbox-title=\"design-elegance-acceuil-portfolio-3-3\" data-e-action-hash=\"#elementor-action%3Aaction%3Dlightbox%26settings%3DeyJpZCI6NzkxLCJ1cmwiOiJodHRwczpcL1wvZGVzaWduLmVsZWdhbmNlLWdyb3VwLmNhXC93cC1jb250ZW50XC91cGxvYWRzXC9zaXRlc1wvM1wvMjAyNFwvMTJcL2Rlc2lnbi1lbGVnYW5jZS1hY2NldWlsLXBvcnRmb2xpby0zLTMuanBnIiwic2xpZGVzaG93IjoiYzBjNTkyZCJ9\" href=\"http:\/\/design.elegance-group.ca\/wp-content\/uploads\/sites\/3\/2024\/12\/design-elegance-acceuil-portfolio-3-3.jpg\" aria-label=\"pupup-button\" class=\"icon-outline circle\">\n\t\t\t\t\t\t\t\t\t<i aria-hidden=\"true\" class=\"icon icon-plus\"><\/i>\t\t\t\t\t\t\t\t\t<\/a>\n\t\t\t\t\t\t\t\t\t\t\t\t\t\t\t\t\t\t\t\t\t<\/span>\n\t\t\t\t\t\t\t\t\t\t\t\t\t\t<span class=\"elementskit-accordion-title-wraper\">\n\t\t\t\t\t\t\t\t<span class=\"elementskit-accordion-title \">\n\t\t\t\t\t\t\t\t\n\t\t\t\t\t\t\t\t\n\t\t\t\t\t\t\t\t\t\t\t\t\t\t\t\t<\/span>\n\t\t\t\t\t\t\t<\/span>\n\t\t\t\t\t\t\t                    <\/span>\n                <\/label>\n                    <\/div>\n    <\/div>\t\t\t\t<\/div>\n\t\t\t\t<\/div>\n\t\t\t\t\t<\/div>\n\t\t<\/div>\n\t\t\t\t\t<\/div>\n\t\t<\/section>\n\t\t\t\t<section class=\"elementor-section elementor-inner-section elementor-element elementor-element-fe9cc7c elementor-section-boxed elementor-section-height-default elementor-section-height-default\" data-id=\"fe9cc7c\" data-element_type=\"section\" data-e-type=\"section\">\n\t\t\t\t\t\t<div class=\"elementor-container elementor-column-gap-no\">\n\t\t\t\t\t<div class=\"elementor-column elementor-col-100 elementor-inner-column elementor-element elementor-element-0a06606\" data-id=\"0a06606\" data-element_type=\"column\" data-e-type=\"column\">\n\t\t\t<div class=\"elementor-widget-wrap elementor-element-populated\">\n\t\t\t\t\t\t<div class=\"elementor-element elementor-element-9d3f0ad ekit-image-accordion-hover ekit-image-accordion-mobile-vertical ekit-image-accordion-horizontal elementor-widget elementor-widget-elementskit-image-accordion\" data-id=\"9d3f0ad\" data-element_type=\"widget\" data-e-type=\"widget\" data-widget_type=\"elementskit-image-accordion.default\">\n\t\t\t\t<div class=\"elementor-widget-container\">\n\t\t\t\t\t<div class=\"ekit-wid-con\" >\t\t<div class=\"ekit-image-accordion elementskit-image-accordion-wraper\">\n\t\t\t                <input type=\"radio\" name=\"ekit_ia_9d3f0ad\" id=\"ekit_ia_9d3f0ad_0\" class=\"elementskit-single-image-accordion--input\" hidden>\n                <label for=\"ekit_ia_9d3f0ad_0\" class=\"elementskit-single-image-accordion ekit-image-accordion-item\" style=\"background-image: url(http:\/\/design.elegance-group.ca\/wp-content\/uploads\/sites\/3\/2024\/12\/design-elegance-acceuil-portfolio-1-2.jpg)\">\n                    <span class=\"elementskit-accordion-content\">\n\t\t\t\t\t\t\t\t\t\t\t\t\t<span class=\"elementskit-accordion-title-wraper\">\n\t\t\t\t\t\t\t\t<span class=\"elementskit-accordion-title \">\n\t\t\t\t\t\t\t\t\n\t\t\t\t\t\t\t\t\n\t\t\t\t\t\t\t\t\t\t\t\t\t\t\t\t<\/span>\n\t\t\t\t\t\t\t<\/span>\n\t\t\t\t\t\t\t                    <\/span>\n                <\/label>\n                            <input type=\"radio\" name=\"ekit_ia_9d3f0ad\" id=\"ekit_ia_9d3f0ad_1\" class=\"elementskit-single-image-accordion--input\" hidden>\n                <label for=\"ekit_ia_9d3f0ad_1\" class=\"elementskit-single-image-accordion ekit-image-accordion-item\" style=\"background-image: url(http:\/\/design.elegance-group.ca\/wp-content\/uploads\/sites\/3\/2024\/12\/design-elegance-acceuil-portfolio-1-1.jpg)\">\n                    <span class=\"elementskit-accordion-content\">\n\t\t\t\t\t\t\t\t\t\t\t\t\t<span class=\"elementskit-icon-wraper ekit-image-accordion-actions\">\n\t\t\t\t\t\t\t\t\t\t\t\t\t\t\t\t<a data-elementor-open-lightbox=\"yes\" data-elementor-lightbox-slideshow=\"9d3f0ad\" data-elementor-lightbox-title=\"design-elegance-acceuil-portfolio-1-1\" data-e-action-hash=\"#elementor-action%3Aaction%3Dlightbox%26settings%3DeyJpZCI6NzgzLCJ1cmwiOiJodHRwczpcL1wvZGVzaWduLmVsZWdhbmNlLWdyb3VwLmNhXC93cC1jb250ZW50XC91cGxvYWRzXC9zaXRlc1wvM1wvMjAyNFwvMTJcL2Rlc2lnbi1lbGVnYW5jZS1hY2NldWlsLXBvcnRmb2xpby0xLTEuanBnIiwic2xpZGVzaG93IjoiOWQzZjBhZCJ9\" href=\"http:\/\/design.elegance-group.ca\/wp-content\/uploads\/sites\/3\/2024\/12\/design-elegance-acceuil-portfolio-1-1.jpg\" aria-label=\"pupup-button\" class=\"icon-outline circle\">\n\t\t\t\t\t\t\t\t\t<i aria-hidden=\"true\" class=\"icon icon-plus\"><\/i>\t\t\t\t\t\t\t\t\t<\/a>\n\t\t\t\t\t\t\t\t\t\t\t\t\t\t\t\t\t\t\t\t\t<\/span>\n\t\t\t\t\t\t\t\t\t\t\t\t\t\t<span class=\"elementskit-accordion-title-wraper\">\n\t\t\t\t\t\t\t\t<span class=\"elementskit-accordion-title \">\n\t\t\t\t\t\t\t\t\n\t\t\t\t\t\t\t\t\n\t\t\t\t\t\t\t\t\t\t\t\t\t\t\t\t<\/span>\n\t\t\t\t\t\t\t<\/span>\n\t\t\t\t\t\t\t                    <\/span>\n                <\/label>\n                            <input type=\"radio\" name=\"ekit_ia_9d3f0ad\" id=\"ekit_ia_9d3f0ad_2\" class=\"elementskit-single-image-accordion--input\" hidden>\n                <label for=\"ekit_ia_9d3f0ad_2\" class=\"elementskit-single-image-accordion ekit-image-accordion-item\" style=\"background-image: url(http:\/\/design.elegance-group.ca\/wp-content\/uploads\/sites\/3\/2024\/12\/design-elegance-acceuil-portfolio-1-3.jpg)\">\n                    <span class=\"elementskit-accordion-content\">\n\t\t\t\t\t\t\t\t\t\t\t\t\t<span class=\"elementskit-icon-wraper ekit-image-accordion-actions\">\n\t\t\t\t\t\t\t\t\t\t\t\t\t\t\t\t<a data-elementor-open-lightbox=\"yes\" data-elementor-lightbox-slideshow=\"9d3f0ad\" data-elementor-lightbox-title=\"design-elegance-acceuil-portfolio-1-3\" data-e-action-hash=\"#elementor-action%3Aaction%3Dlightbox%26settings%3DeyJpZCI6Nzc5LCJ1cmwiOiJodHRwczpcL1wvZGVzaWduLmVsZWdhbmNlLWdyb3VwLmNhXC93cC1jb250ZW50XC91cGxvYWRzXC9zaXRlc1wvM1wvMjAyNFwvMTJcL2Rlc2lnbi1lbGVnYW5jZS1hY2NldWlsLXBvcnRmb2xpby0xLTMuanBnIiwic2xpZGVzaG93IjoiOWQzZjBhZCJ9\" href=\"http:\/\/design.elegance-group.ca\/wp-content\/uploads\/sites\/3\/2024\/12\/design-elegance-acceuil-portfolio-1-3.jpg\" aria-label=\"pupup-button\" class=\"icon-outline circle\">\n\t\t\t\t\t\t\t\t\t<i aria-hidden=\"true\" class=\"icon icon-plus\"><\/i>\t\t\t\t\t\t\t\t\t<\/a>\n\t\t\t\t\t\t\t\t\t\t\t\t\t\t\t\t\t\t\t\t\t<\/span>\n\t\t\t\t\t\t\t\t\t\t\t\t\t\t<span class=\"elementskit-accordion-title-wraper\">\n\t\t\t\t\t\t\t\t<span class=\"elementskit-accordion-title \">\n\t\t\t\t\t\t\t\t\n\t\t\t\t\t\t\t\t\n\t\t\t\t\t\t\t\t\t\t\t\t\t\t\t\t<\/span>\n\t\t\t\t\t\t\t<\/span>\n\t\t\t\t\t\t\t                    <\/span>\n                <\/label>\n                    <\/div>\n    <\/div>\t\t\t\t<\/div>\n\t\t\t\t<\/div>\n\t\t\t\t\t<\/div>\n\t\t<\/div>\n\t\t\t\t\t<\/div>\n\t\t<\/section>\n\t\t\t\t\t<\/div>\n\t\t<\/div>\n\t\t\t\t\t<\/div>\n\t\t<\/section>\n\t\t\t\t<\/div>\n\t\t","protected":false},"excerpt":{"rendered":"<p>Discover our portfolio of inspiring achievements Each project reflects our attention to detail and our commitment to creating aesthetic and functional spaces, whether for kitchens, bathrooms, living rooms, or closets.<\/p>\n","protected":false},"author":1,"featured_media":0,"parent":0,"menu_order":0,"comment_status":"closed","ping_status":"closed","template":"","meta":{"_acf_changed":false,"footnotes":""},"class_list":["post-945","page","type-page","status-publish","hentry"],"acf":[],"yoast_head":"<!-- This site is optimized with the Yoast SEO plugin v27.6 - https:\/\/yoast.com\/product\/yoast-seo-wordpress\/ -->\n<title>Our Portfolio | Design Elegance - Explore Our Renovation Projects<\/title>\n<meta name=\"description\" content=\"Browse Design Elegance\u2019s portfolio to discover our kitchen, bathroom, and renovation projects. Unique creations on the South Shore of Montreal, in Ch\u00e2teauguay, and throughout Mont\u00e9r\u00e9\" \/>\n<meta name=\"robots\" content=\"index, follow, max-snippet:-1, max-image-preview:large, max-video-preview:-1\" \/>\n<link rel=\"canonical\" href=\"https:\/\/design.elegance-group.ca\/en\/portfolio\/\" \/>\n<meta property=\"og:locale\" content=\"en_US\" \/>\n<meta property=\"og:type\" content=\"article\" \/>\n<meta property=\"og:title\" content=\"Our Portfolio | Design Elegance - Explore Our Renovation Projects\" \/>\n<meta property=\"og:description\" content=\"Browse Design Elegance\u2019s portfolio to discover our kitchen, bathroom, and renovation projects. Unique creations on the South Shore of Montreal, in Ch\u00e2teauguay, and throughout Mont\u00e9r\u00e9\" \/>\n<meta property=\"og:url\" content=\"https:\/\/design.elegance-group.ca\/en\/portfolio\/\" \/>\n<meta property=\"og:site_name\" content=\"Design Elegance\" \/>\n<meta property=\"article:modified_time\" content=\"2025-01-22T17:25:39+00:00\" \/>\n<meta property=\"og:image\" content=\"https:\/\/design.elegance-group.ca\/wp-content\/uploads\/sites\/3\/2024\/11\/EleganceDesign_LOGO.png\" \/>\n\t<meta property=\"og:image:width\" content=\"1288\" \/>\n\t<meta property=\"og:image:height\" content=\"416\" \/>\n\t<meta property=\"og:image:type\" content=\"image\/png\" \/>\n<meta name=\"twitter:card\" content=\"summary_large_image\" \/>\n<meta name=\"twitter:label1\" content=\"Est. reading time\" \/>\n\t<meta name=\"twitter:data1\" content=\"1 minute\" \/>\n<script type=\"application\/ld+json\" class=\"yoast-schema-graph\">{\"@context\":\"https:\\\/\\\/schema.org\",\"@graph\":[{\"@type\":\"WebPage\",\"@id\":\"https:\\\/\\\/design.elegance-group.ca\\\/en\\\/portfolio\\\/\",\"url\":\"https:\\\/\\\/design.elegance-group.ca\\\/en\\\/portfolio\\\/\",\"name\":\"Our Portfolio | Design Elegance - Explore Our Renovation Projects\",\"isPartOf\":{\"@id\":\"https:\\\/\\\/design.elegance-group.ca\\\/en\\\/#website\"},\"datePublished\":\"2024-11-05T17:28:47+00:00\",\"dateModified\":\"2025-01-22T17:25:39+00:00\",\"description\":\"Browse Design Elegance\u2019s portfolio to discover our kitchen, bathroom, and renovation projects. Unique creations on the South Shore of Montreal, in Ch\u00e2teauguay, and throughout Mont\u00e9r\u00e9\",\"breadcrumb\":{\"@id\":\"https:\\\/\\\/design.elegance-group.ca\\\/en\\\/portfolio\\\/#breadcrumb\"},\"inLanguage\":\"en-US\",\"potentialAction\":[{\"@type\":\"ReadAction\",\"target\":[\"https:\\\/\\\/design.elegance-group.ca\\\/en\\\/portfolio\\\/\"]}]},{\"@type\":\"BreadcrumbList\",\"@id\":\"https:\\\/\\\/design.elegance-group.ca\\\/en\\\/portfolio\\\/#breadcrumb\",\"itemListElement\":[{\"@type\":\"ListItem\",\"position\":1,\"name\":\"Home\",\"item\":\"https:\\\/\\\/design.elegance-group.ca\\\/en\\\/\"},{\"@type\":\"ListItem\",\"position\":2,\"name\":\"Portfolio\"}]},{\"@type\":\"WebSite\",\"@id\":\"https:\\\/\\\/design.elegance-group.ca\\\/en\\\/#website\",\"url\":\"https:\\\/\\\/design.elegance-group.ca\\\/en\\\/\",\"name\":\"Design Elegance\",\"description\":\"\",\"potentialAction\":[{\"@type\":\"SearchAction\",\"target\":{\"@type\":\"EntryPoint\",\"urlTemplate\":\"https:\\\/\\\/design.elegance-group.ca\\\/en\\\/?s={search_term_string}\"},\"query-input\":{\"@type\":\"PropertyValueSpecification\",\"valueRequired\":true,\"valueName\":\"search_term_string\"}}],\"inLanguage\":\"en-US\"}]}<\/script>\n<!-- \/ Yoast SEO plugin. -->","yoast_head_json":{"title":"Our Portfolio | Design Elegance - Explore Our Renovation Projects","description":"Browse Design Elegance\u2019s portfolio to discover our kitchen, bathroom, and renovation projects. Unique creations on the South Shore of Montreal, in Ch\u00e2teauguay, and throughout Mont\u00e9r\u00e9","robots":{"index":"index","follow":"follow","max-snippet":"max-snippet:-1","max-image-preview":"max-image-preview:large","max-video-preview":"max-video-preview:-1"},"canonical":"https:\/\/design.elegance-group.ca\/en\/portfolio\/","og_locale":"en_US","og_type":"article","og_title":"Our Portfolio | Design Elegance - Explore Our Renovation Projects","og_description":"Browse Design Elegance\u2019s portfolio to discover our kitchen, bathroom, and renovation projects. Unique creations on the South Shore of Montreal, in Ch\u00e2teauguay, and throughout Mont\u00e9r\u00e9","og_url":"https:\/\/design.elegance-group.ca\/en\/portfolio\/","og_site_name":"Design Elegance","article_modified_time":"2025-01-22T17:25:39+00:00","og_image":[{"width":1288,"height":416,"url":"https:\/\/design.elegance-group.ca\/wp-content\/uploads\/sites\/3\/2024\/11\/EleganceDesign_LOGO.png","type":"image\/png"}],"twitter_card":"summary_large_image","twitter_misc":{"Est. reading time":"1 minute"},"schema":{"@context":"https:\/\/schema.org","@graph":[{"@type":"WebPage","@id":"https:\/\/design.elegance-group.ca\/en\/portfolio\/","url":"https:\/\/design.elegance-group.ca\/en\/portfolio\/","name":"Our Portfolio | Design Elegance - Explore Our Renovation Projects","isPartOf":{"@id":"https:\/\/design.elegance-group.ca\/en\/#website"},"datePublished":"2024-11-05T17:28:47+00:00","dateModified":"2025-01-22T17:25:39+00:00","description":"Browse Design Elegance\u2019s portfolio to discover our kitchen, bathroom, and renovation projects. Unique creations on the South Shore of Montreal, in Ch\u00e2teauguay, and throughout Mont\u00e9r\u00e9","breadcrumb":{"@id":"https:\/\/design.elegance-group.ca\/en\/portfolio\/#breadcrumb"},"inLanguage":"en-US","potentialAction":[{"@type":"ReadAction","target":["https:\/\/design.elegance-group.ca\/en\/portfolio\/"]}]},{"@type":"BreadcrumbList","@id":"https:\/\/design.elegance-group.ca\/en\/portfolio\/#breadcrumb","itemListElement":[{"@type":"ListItem","position":1,"name":"Home","item":"https:\/\/design.elegance-group.ca\/en\/"},{"@type":"ListItem","position":2,"name":"Portfolio"}]},{"@type":"WebSite","@id":"https:\/\/design.elegance-group.ca\/en\/#website","url":"https:\/\/design.elegance-group.ca\/en\/","name":"Design Elegance","description":"","potentialAction":[{"@type":"SearchAction","target":{"@type":"EntryPoint","urlTemplate":"https:\/\/design.elegance-group.ca\/en\/?s={search_term_string}"},"query-input":{"@type":"PropertyValueSpecification","valueRequired":true,"valueName":"search_term_string"}}],"inLanguage":"en-US"}]}},"_links":{"self":[{"href":"https:\/\/design.elegance-group.ca\/en\/wp-json\/wp\/v2\/pages\/945","targetHints":{"allow":["GET"]}}],"collection":[{"href":"https:\/\/design.elegance-group.ca\/en\/wp-json\/wp\/v2\/pages"}],"about":[{"href":"https:\/\/design.elegance-group.ca\/en\/wp-json\/wp\/v2\/types\/page"}],"author":[{"embeddable":true,"href":"https:\/\/design.elegance-group.ca\/en\/wp-json\/wp\/v2\/users\/1"}],"replies":[{"embeddable":true,"href":"https:\/\/design.elegance-group.ca\/en\/wp-json\/wp\/v2\/comments?post=945"}],"version-history":[{"count":0,"href":"https:\/\/design.elegance-group.ca\/en\/wp-json\/wp\/v2\/pages\/945\/revisions"}],"wp:attachment":[{"href":"https:\/\/design.elegance-group.ca\/en\/wp-json\/wp\/v2\/media?parent=945"}],"curies":[{"name":"wp","href":"https:\/\/api.w.org\/{rel}","templated":true}]}}