{"id":939,"date":"2024-11-04T16:49:12","date_gmt":"2024-11-04T16:49:12","guid":{"rendered":"https:\/\/design.elegance-group.ca\/nous-joindre\/"},"modified":"2025-01-22T16:43:41","modified_gmt":"2025-01-22T16:43:41","slug":"contact","status":"publish","type":"page","link":"https:\/\/design.elegance-group.ca\/en\/contact\/","title":{"rendered":"Contact"},"content":{"rendered":"\t\t<div data-elementor-type=\"wp-page\" data-elementor-id=\"939\" class=\"elementor elementor-939 elementor-92\" data-elementor-post-type=\"page\">\n\t\t\t\t\t\t<section class=\"elementor-section elementor-top-section elementor-element elementor-element-5a6aa132 elementor-section-height-min-height elementor-section-boxed elementor-section-height-default elementor-section-items-middle\" data-id=\"5a6aa132\" data-element_type=\"section\" data-e-type=\"section\" data-settings=\"{&quot;background_background&quot;:&quot;classic&quot;}\">\n\t\t\t\t\t\t\t<div class=\"elementor-background-overlay\"><\/div>\n\t\t\t\t\t\t\t<div class=\"elementor-container elementor-column-gap-default\">\n\t\t\t\t\t<div class=\"elementor-column elementor-col-100 elementor-top-column elementor-element elementor-element-707dffbf\" data-id=\"707dffbf\" data-element_type=\"column\" data-e-type=\"column\">\n\t\t\t<div class=\"elementor-widget-wrap elementor-element-populated\">\n\t\t\t\t\t\t\t<\/div>\n\t\t<\/div>\n\t\t\t\t\t<\/div>\n\t\t<\/section>\n\t\t\t\t<section class=\"elementor-section elementor-top-section elementor-element elementor-element-34fb0526 elementor-section-content-middle elementor-section-boxed elementor-section-height-default elementor-section-height-default\" data-id=\"34fb0526\" data-element_type=\"section\" data-e-type=\"section\" data-settings=\"{&quot;background_background&quot;:&quot;classic&quot;}\">\n\t\t\t\t\t\t<div class=\"elementor-container elementor-column-gap-default\">\n\t\t\t\t\t<div class=\"elementor-column elementor-col-100 elementor-top-column elementor-element elementor-element-5903e91f\" data-id=\"5903e91f\" data-element_type=\"column\" data-e-type=\"column\">\n\t\t\t<div class=\"elementor-widget-wrap elementor-element-populated\">\n\t\t\t\t\t\t<section class=\"elementor-section elementor-inner-section elementor-element elementor-element-5c65cf39 elementor-section-full_width elementor-section-height-default elementor-section-height-default\" data-id=\"5c65cf39\" data-element_type=\"section\" data-e-type=\"section\">\n\t\t\t\t\t\t<div class=\"elementor-container elementor-column-gap-no\">\n\t\t\t\t\t<div class=\"elementor-column elementor-col-50 elementor-inner-column elementor-element elementor-element-618f02c2\" data-id=\"618f02c2\" data-element_type=\"column\" data-e-type=\"column\">\n\t\t\t<div class=\"elementor-widget-wrap elementor-element-populated\">\n\t\t\t\t\t\t<div class=\"elementor-element elementor-element-47d43738 elementor-position-inline-start elementor-view-stacked elementor-shape-circle elementor-mobile-position-block-start elementor-widget elementor-widget-icon-box\" data-id=\"47d43738\" data-element_type=\"widget\" data-e-type=\"widget\" data-widget_type=\"icon-box.default\">\n\t\t\t\t<div class=\"elementor-widget-container\">\n\t\t\t\t\t\t\t<div class=\"elementor-icon-box-wrapper\">\n\n\t\t\t\t\t\t<div class=\"elementor-icon-box-icon\">\n\t\t\t\t<span  class=\"elementor-icon\">\n\t\t\t\t<i aria-hidden=\"true\" class=\"icon icon-map-marker\"><\/i>\t\t\t\t<\/span>\n\t\t\t<\/div>\n\t\t\t\n\t\t\t\t\t\t<div class=\"elementor-icon-box-content\">\n\n\t\t\t\t\t\t\t\t\t<h4 class=\"elementor-icon-box-title\">\n\t\t\t\t\t\t<span  >\n\t\t\t\t\t\t\tAdresse\t\t\t\t\t\t<\/span>\n\t\t\t\t\t<\/h4>\n\t\t\t\t\n\t\t\t\t\t\t\t\t\t<p class=\"elementor-icon-box-description\">\n\t\t\t\t\t\t146 Saint-Jean-Baptiste Blvd, Chateauguay, Quebec J6K 3B2 \t\t\t\t\t<\/p>\n\t\t\t\t\n\t\t\t<\/div>\n\t\t\t\n\t\t<\/div>\n\t\t\t\t\t\t<\/div>\n\t\t\t\t<\/div>\n\t\t\t\t\t<\/div>\n\t\t<\/div>\n\t\t\t\t<div class=\"elementor-column elementor-col-50 elementor-inner-column elementor-element elementor-element-5376a750\" data-id=\"5376a750\" data-element_type=\"column\" data-e-type=\"column\">\n\t\t\t<div class=\"elementor-widget-wrap elementor-element-populated\">\n\t\t\t\t\t\t<div class=\"elementor-element elementor-element-3c95f499 elementor-position-inline-start elementor-view-stacked elementor-shape-circle elementor-mobile-position-block-start elementor-widget elementor-widget-icon-box\" data-id=\"3c95f499\" data-element_type=\"widget\" data-e-type=\"widget\" data-widget_type=\"icon-box.default\">\n\t\t\t\t<div class=\"elementor-widget-container\">\n\t\t\t\t\t\t\t<div class=\"elementor-icon-box-wrapper\">\n\n\t\t\t\t\t\t<div class=\"elementor-icon-box-icon\">\n\t\t\t\t<span  class=\"elementor-icon\">\n\t\t\t\t<i aria-hidden=\"true\" class=\"icon icon-phone1\"><\/i>\t\t\t\t<\/span>\n\t\t\t<\/div>\n\t\t\t\n\t\t\t\t\t\t<div class=\"elementor-icon-box-content\">\n\n\t\t\t\t\t\t\t\t\t<h4 class=\"elementor-icon-box-title\">\n\t\t\t\t\t\t<span  >\n\t\t\t\t\t\t\tTelephone\t\t\t\t\t\t<\/span>\n\t\t\t\t\t<\/h4>\n\t\t\t\t\n\t\t\t\t\t\t\t\t\t<p class=\"elementor-icon-box-description\">\n\t\t\t\t\t\t438 779-6425\t\t\t\t\t<\/p>\n\t\t\t\t\n\t\t\t<\/div>\n\t\t\t\n\t\t<\/div>\n\t\t\t\t\t\t<\/div>\n\t\t\t\t<\/div>\n\t\t\t\t\t<\/div>\n\t\t<\/div>\n\t\t\t\t\t<\/div>\n\t\t<\/section>\n\t\t\t\t\t<\/div>\n\t\t<\/div>\n\t\t\t\t\t<\/div>\n\t\t<\/section>\n\t\t\t\t<section class=\"elementor-section elementor-top-section elementor-element elementor-element-5e7c90a elementor-section-content-middle elementor-section-boxed elementor-section-height-default elementor-section-height-default\" data-id=\"5e7c90a\" data-element_type=\"section\" data-e-type=\"section\" data-settings=\"{&quot;background_background&quot;:&quot;classic&quot;}\">\n\t\t\t\t\t\t\t<div class=\"elementor-background-overlay\"><\/div>\n\t\t\t\t\t\t\t<div class=\"elementor-container elementor-column-gap-default\">\n\t\t\t\t\t<div class=\"elementor-column elementor-col-100 elementor-top-column elementor-element elementor-element-98f2cf7\" data-id=\"98f2cf7\" data-element_type=\"column\" data-e-type=\"column\">\n\t\t\t<div class=\"elementor-widget-wrap elementor-element-populated\">\n\t\t\t\t\t\t<section class=\"elementor-section elementor-inner-section elementor-element elementor-element-4a81ba9 elementor-section-content-middle elementor-section-boxed elementor-section-height-default elementor-section-height-default\" data-id=\"4a81ba9\" data-element_type=\"section\" data-e-type=\"section\">\n\t\t\t\t\t\t<div class=\"elementor-container elementor-column-gap-no\">\n\t\t\t\t\t<div class=\"elementor-column elementor-col-50 elementor-inner-column elementor-element elementor-element-cd78cb6\" data-id=\"cd78cb6\" data-element_type=\"column\" data-e-type=\"column\">\n\t\t\t<div class=\"elementor-widget-wrap elementor-element-populated\">\n\t\t\t\t\t\t<div class=\"elementor-element elementor-element-2f437f5 elementor-widget elementor-widget-google_maps\" data-id=\"2f437f5\" data-element_type=\"widget\" data-e-type=\"widget\" data-widget_type=\"google_maps.default\">\n\t\t\t\t<div class=\"elementor-widget-container\">\n\t\t\t\t\t\t\t<div class=\"elementor-custom-embed\">\n\t\t\t<iframe loading=\"lazy\"\n\t\t\t\t\tsrc=\"https:\/\/maps.google.com\/maps?q=146%20Boulevard%20Saint%20Jean%20Baptiste%2C%20Ch%C3%A2teauguay%2C%20Quebec%20J6K%203B2%20&#038;t=m&#038;z=10&#038;output=embed&#038;iwloc=near\"\n\t\t\t\t\ttitle=\"146 Boulevard Saint Jean Baptiste, Ch\u00e2teauguay, Quebec J6K 3B2 \"\n\t\t\t\t\taria-label=\"146 Boulevard Saint Jean Baptiste, Ch\u00e2teauguay, Quebec J6K 3B2 \"\n\t\t\t><\/iframe>\n\t\t<\/div>\n\t\t\t\t\t\t<\/div>\n\t\t\t\t<\/div>\n\t\t\t\t\t<\/div>\n\t\t<\/div>\n\t\t\t\t<div class=\"elementor-column elementor-col-50 elementor-inner-column elementor-element elementor-element-2640018\" data-id=\"2640018\" data-element_type=\"column\" data-e-type=\"column\">\n\t\t\t<div class=\"elementor-widget-wrap elementor-element-populated\">\n\t\t\t\t\t\t<div class=\"elementor-element elementor-element-e84767c elementor-widget elementor-widget-heading\" data-id=\"e84767c\" data-element_type=\"widget\" data-e-type=\"widget\" data-widget_type=\"heading.default\">\n\t\t\t\t<div class=\"elementor-widget-container\">\n\t\t\t\t\t<h3 class=\"elementor-heading-title elementor-size-default\">Tell us about your project<\/h3>\t\t\t\t<\/div>\n\t\t\t\t<\/div>\n\t\t\t\t<div class=\"elementor-element elementor-element-e8b3284 elementor-widget elementor-widget-formidable\" data-id=\"e8b3284\" data-element_type=\"widget\" data-e-type=\"widget\" data-widget_type=\"formidable.default\">\n\t\t\t\t<div class=\"elementor-widget-container\">\n\t\t\t\t\t<div class=\"frm_forms  with_frm_style frm_style_formidable-style\" id=\"frm_form_1_container\" data-token=\"9e32232397471dceb3d4e196620057f7\">\n<form enctype=\"multipart\/form-data\" method=\"post\" class=\"frm-show-form  frm_pro_form \" id=\"form_contact-form\" data-token=\"9e32232397471dceb3d4e196620057f7\">\n<div class=\"frm_form_fields \">\n<fieldset>\n<legend class=\"frm_screen_reader\">Contact Us<\/legend>\r\n\r\n<div class=\"frm_fields_container\">\n<input type=\"hidden\" name=\"frm_action\" value=\"create\" \/>\n<input type=\"hidden\" name=\"form_id\" value=\"1\" \/>\n<input type=\"hidden\" name=\"frm_hide_fields_1\" id=\"frm_hide_fields_1\" value=\"\" \/>\n<input type=\"hidden\" name=\"form_key\" value=\"contact-form\" \/>\n<input type=\"hidden\" name=\"item_meta[0]\" value=\"\" \/>\n<input type=\"hidden\" id=\"frm_submit_entry_1\" name=\"frm_submit_entry_1\" value=\"bdc67cf5d1\" \/><input type=\"hidden\" name=\"_wp_http_referer\" value=\"\/en\/wp-json\/wp\/v2\/pages\/939\" \/><div id=\"frm_field_1_container\" class=\"frm_form_field form-field  frm_required_field form-group frm_top_container frm6 frm_first\">\r\n\t<label for=\"field_qh4icy\" id=\"field_qh4icy_label\" class=\"frm_primary_label col-form-label form-label\">Name\r\n\t\t<span class=\"frm_required\" aria-hidden=\"true\">*<\/span>\r\n\t<\/label>\r\n\t<input  type=\"text\" id=\"field_qh4icy\" name=\"item_meta[1]\" value=\"\"  data-reqmsg=\"Name cannot be blank.\" aria-required=\"true\" data-invmsg=\"Name is invalid\" class=\"form-control\" aria-invalid=\"false\"   \/>\r\n\t\r\n\t\r\n<\/div>\n<div id=\"frm_field_12_container\" class=\"frm_form_field form-field  frm_required_field form-group frm_top_container frm6\">\r\n\t<label for=\"field_dz3vd\" id=\"field_dz3vd_label\" class=\"frm_primary_label col-form-label form-label\">First name\r\n\t\t<span class=\"frm_required\" aria-hidden=\"true\">*<\/span>\r\n\t<\/label>\r\n\t<input  type=\"text\" id=\"field_dz3vd\" name=\"item_meta[12]\" value=\"\"  data-reqmsg=\"First name cannot be blank.\" aria-required=\"true\" data-invmsg=\"First name is invalid\" class=\"form-control\" aria-invalid=\"false\"   \/>\r\n\t\r\n\t\r\n<\/div>\n<div id=\"frm_field_3_container\" class=\"frm_form_field form-field  frm_required_field form-group frm_top_container frm_full\">\r\n\t<label for=\"field_29yf4d\" id=\"field_29yf4d_label\" class=\"frm_primary_label col-form-label form-label\">Email\r\n\t\t<span class=\"frm_required\" aria-hidden=\"true\">*<\/span>\r\n\t<\/label>\r\n\t<input type=\"email\" id=\"field_29yf4d\" name=\"item_meta[3]\" value=\"\"  data-reqmsg=\"Email cannot be blank.\" aria-required=\"true\" data-invmsg=\"Please enter a valid email address\" class=\"form-control\" aria-invalid=\"false\"  \/>\r\n\t\r\n\t\r\n<\/div>\n<div id=\"frm_field_7_container\" class=\"frm_form_field form-field  frm_required_field form-group frm_top_container frm6 frm_first\">\r\n\t<label for=\"field_zm348\" id=\"field_zm348_label\" class=\"frm_primary_label col-form-label form-label\">Address\r\n\t\t<span class=\"frm_required\" aria-hidden=\"true\">*<\/span>\r\n\t<\/label>\r\n\t<input  type=\"text\" id=\"field_zm348\" name=\"item_meta[7]\" value=\"\"  data-reqmsg=\"Address cannot be blank.\" aria-required=\"true\" data-invmsg=\"Address is invalid\" class=\"form-control\" aria-invalid=\"false\"   \/>\r\n\t\r\n\t\r\n<\/div>\n<div id=\"frm_field_8_container\" class=\"frm_form_field form-field  frm_required_field form-group frm_top_container frm6\">\r\n\t<label for=\"field_ktuyc\" id=\"field_ktuyc_label\" class=\"frm_primary_label col-form-label form-label\">City\r\n\t\t<span class=\"frm_required\" aria-hidden=\"true\">*<\/span>\r\n\t<\/label>\r\n\t<input  type=\"text\" id=\"field_ktuyc\" name=\"item_meta[8]\" value=\"\"  data-reqmsg=\"City cannot be blank.\" aria-required=\"true\" data-invmsg=\"City is invalid\" class=\"form-control\" aria-invalid=\"false\"   \/>\r\n\t\r\n\t\r\n<\/div>\n<div id=\"frm_field_9_container\" class=\"frm_form_field form-field  form-group frm_top_container frm6 frm_first\">\r\n\t<label for=\"field_j5z6d\" id=\"field_j5z6d_label\" class=\"frm_primary_label col-form-label form-label\">Postal code\r\n\t\t<span class=\"frm_required\" aria-hidden=\"true\"><\/span>\r\n\t<\/label>\r\n\t<input  type=\"text\" id=\"field_j5z6d\" name=\"item_meta[9]\" value=\"\"  data-invmsg=\"Postal code is invalid\" class=\"form-control\" aria-invalid=\"false\"   \/>\r\n\t\r\n\t\r\n<\/div>\n<div id=\"frm_field_10_container\" class=\"frm_form_field form-field  frm_required_field form-group frm_top_container frm6\">\r\n\t<label for=\"field_gin8x\" id=\"field_gin8x_label\" class=\"frm_primary_label col-form-label form-label\">Telephone\r\n\t\t<span class=\"frm_required\" aria-hidden=\"true\">*<\/span>\r\n\t<\/label>\r\n\t<input type=\"tel\" id=\"field_gin8x\" name=\"item_meta[10]\" value=\"\"  data-reqmsg=\"Telephone cannot be blank.\" aria-required=\"true\" data-invmsg=\"Telephone is invalid\" class=\"form-control\" aria-invalid=\"false\" pattern=\"((\\+\\d{1,3}(-|.| )?\\(?\\d\\)?(-| |.)?\\d{1,5})|(\\(?\\d{2,6}\\)?))(-|.| )?(\\d{3,4})(-|.| )?(\\d{4})(( x| ext)\\d{1,5}){0,1}$\"  \/>\r\n\t\r\n\t\r\n<\/div>\n<div id=\"frm_field_4_container\" class=\"frm_form_field form-field  frm_required_field form-group frm_top_container frm_full\">\r\n\t<label for=\"field_e6lis6\" id=\"field_e6lis6_label\" class=\"frm_primary_label col-form-label form-label\">Subject\r\n\t\t<span class=\"frm_required\" aria-hidden=\"true\">*<\/span>\r\n\t<\/label>\r\n\t<input  type=\"text\" id=\"field_e6lis6\" name=\"item_meta[4]\" value=\"\"  data-reqmsg=\"Subject cannot be blank.\" aria-required=\"true\" data-invmsg=\"Subject is invalid\" class=\"form-control\" aria-invalid=\"false\"   \/>\r\n\t\r\n\t\r\n<\/div>\n<div id=\"frm_field_5_container\" class=\"frm_form_field form-field  frm_required_field form-group frm_top_container frm_full\">\r\n\t<label for=\"field_9jv0r1\" id=\"field_9jv0r1_label\" class=\"frm_primary_label col-form-label form-label\">Message\r\n\t\t<span class=\"frm_required\" aria-hidden=\"true\">*<\/span>\r\n\t<\/label>\r\n\t<textarea name=\"item_meta[5]\" id=\"field_9jv0r1\" rows=\"5\"  data-reqmsg=\"Message cannot be blank.\" aria-required=\"true\" data-invmsg=\"Message is invalid\" class=\"form-control\" aria-invalid=\"false\"  ><\/textarea>\r\n\t\r\n\t\r\n<\/div>\n<div id=\"frm_field_11_container\" class=\"frm_form_field form-field  form-group frm_top_container\">\r\n\t<label for=\"field_zsv8n\" id=\"field_zsv8n_label\" class=\"frm_primary_label col-form-label form-label\">Upload (JPEG, PNG, PDF)\r\n\t\t<span class=\"frm_required\" aria-hidden=\"true\"><\/span>\r\n\t<\/label>\r\n\t<input type=\"hidden\"  data-invmsg=\"Upload (JPEG, PNG, PDF) is invalid\" aria-invalid=\"false\"   name=\"item_meta[11][]\"  value=\"\" data-frmfile=\"11\" \/>\n\n<div class=\"frm_dropzone frm_multi_upload frm_clearfix\" id=\"file11_dropzone\" role=\"group\" >\n\t<div class=\"fallback\">\n\t\t<input type=\"file\" name=\"file11[]\" id=\"field_zsv8n\"\n\t\t\t data-frmfile=\"11\" multiple=\"multiple\"  data-invmsg=\"Upload (JPEG, PNG, PDF) is invalid\" aria-invalid=\"false\"  \t\t\t\/>\n\t\t\t\t<div class=\"frm_clearfix \"><\/div>\n\t<\/div>\n\t<div class=\"dz-message needsclick\">\n\t\t\t\t<svg  viewBox=\"0 0 18 18\" class=\"frmsvg frm-svg-icon\">\n\t<path viewBox=\"0 0 18 18\" fill-rule=\"evenodd\" clip-rule=\"evenodd\" d=\"M8.2 4v8a.8.8 0 001.5 0V4l2.1 2.2A.7.7 0 1013 5L9.5 1.7a.7.7 0 00-1.1 0L5.1 5.2a.8.8 0 001 1l2.1-2zm7.6 4.3c.4 0 .7.3.7.7v6.8c0 .4-.3.7-.8.7H2.3a.8.8 0 01-.8-.8V9A.8.8 0 013 9v6h12V9c0-.4.3-.8.8-.8z\"><\/path>\n<\/svg>\t\t<span class=\"frm_upload_text\"><button type=\"button\" aria-label=\"Upload (JPEG, PNG, PDF). Drop a file here or click to upload.. Maximum file size: 1.54MB\">Drop a file here or click to upload.<\/button><\/span>\n\t\t<span class=\"frm_compact_text\"><button type=\"button\" aria-label=\"Upload (JPEG, PNG, PDF). Chose a file. Maximum file size: 1.54MB\">Chose a file<\/button><\/span>\n\t\t<div class=\"frm_small_text\">\n\t\t\t<p>Maximum file size: 1.54MB<\/p>\n\t\t<\/div>\n\t<\/div>\n<\/div>\n\t\r\n\t\r\n\t\r\n<\/div>\n<div id=\"frm_field_6_container\" class=\"frm_form_field form-field  form-group\">\r\n\t<div class=\"form-group frm_submit frm_flex\">\r\n<button class=\"frm_button_submit btn btn-secondary frm_final_submit\" type=\"submit\"   formnovalidate=\"formnovalidate\">Submit<\/button>\r\n\r\n\r\n\r\n<\/div>\r\n<\/div>\n\t<input type=\"hidden\" name=\"item_key\" value=\"\" \/>\n\t\t\t<div id=\"frm_field_37_container\">\n\t\t\t<label for=\"field_12tlb\" >\n\t\t\t\tIf you are human, leave this field blank.\t\t\t<\/label>\n\t\t\t<input  id=\"field_12tlb\" type=\"text\" class=\"frm_form_field form-field frm_verify\" name=\"item_meta[37]\" value=\"\"  \/>\n\t\t<\/div>\n\t\t<input name=\"frm_state\" type=\"hidden\" value=\"OjvDM+assAssXuz1qw3qOqlxHQI6mJCy7BavY3ZPRxrGD1z8a9c17VXIEBobEHgc\" \/><\/div>\n<\/fieldset>\n<\/div>\n\n<\/form>\n<\/div>\n\t\t\t\t<\/div>\n\t\t\t\t<\/div>\n\t\t\t\t\t<\/div>\n\t\t<\/div>\n\t\t\t\t\t<\/div>\n\t\t<\/section>\n\t\t\t\t\t<\/div>\n\t\t<\/div>\n\t\t\t\t\t<\/div>\n\t\t<\/section>\n\t\t\t\t<\/div>\n\t\t","protected":false},"excerpt":{"rendered":"<p>Adresse 146 Saint-Jean-Baptiste Blvd, Chateauguay, Quebec J6K 3B2 Telephone 438 779-6425 Tell us about your project Contact Us Nom * Pr\u00e9nom * Courriel * Adresse * Ville * Code postal T\u00e9l\u00e9phone * Sujet * Message * T\u00e9l\u00e9versement (jpeg, png, pdf) D\u00e9poser un fichier ici ou cliquer pour t\u00e9l\u00e9charger Choisir un fichier Taille de fichier maximale\u00a0: [&hellip;]<\/p>\n","protected":false},"author":1,"featured_media":0,"parent":0,"menu_order":0,"comment_status":"closed","ping_status":"closed","template":"","meta":{"_acf_changed":false,"footnotes":""},"class_list":["post-939","page","type-page","status-publish","hentry"],"acf":[],"yoast_head":"<!-- This site is optimized with the Yoast SEO plugin v27.6 - https:\/\/yoast.com\/product\/yoast-seo-wordpress\/ -->\n<title>Contact Us | Design Elegance - Get in touch for your renovation projects<\/title>\n<meta name=\"description\" content=\"Reach out to Design Elegance to discuss your kitchen, bathroom, and renovation projects. We are here to assist you on the South Shore of Montreal, in Ch\u00e2teauguay, and throughout Mont\u00e9r\u00e9gie.\" \/>\n<meta name=\"robots\" content=\"index, follow, max-snippet:-1, max-image-preview:large, max-video-preview:-1\" \/>\n<link rel=\"canonical\" href=\"https:\/\/design.elegance-group.ca\/en\/contact\/\" \/>\n<meta property=\"og:locale\" content=\"en_US\" \/>\n<meta property=\"og:type\" content=\"article\" \/>\n<meta property=\"og:title\" content=\"Contact Us | Design Elegance - Get in touch for your renovation projects\" \/>\n<meta property=\"og:description\" content=\"Reach out to Design Elegance to discuss your kitchen, bathroom, and renovation projects. We are here to assist you on the South Shore of Montreal, in Ch\u00e2teauguay, and throughout Mont\u00e9r\u00e9gie.\" \/>\n<meta property=\"og:url\" content=\"https:\/\/design.elegance-group.ca\/en\/contact\/\" \/>\n<meta property=\"og:site_name\" content=\"Design Elegance\" \/>\n<meta property=\"article:modified_time\" content=\"2025-01-22T16:43:41+00:00\" \/>\n<meta property=\"og:image\" content=\"https:\/\/design.elegance-group.ca\/wp-content\/uploads\/sites\/3\/2024\/11\/EleganceDesign_LOGO.png\" \/>\n\t<meta property=\"og:image:width\" content=\"1288\" \/>\n\t<meta property=\"og:image:height\" content=\"416\" \/>\n\t<meta property=\"og:image:type\" content=\"image\/png\" \/>\n<meta name=\"twitter:card\" content=\"summary_large_image\" \/>\n<meta name=\"twitter:label1\" content=\"Est. reading time\" \/>\n\t<meta name=\"twitter:data1\" content=\"1 minute\" \/>\n<script type=\"application\/ld+json\" class=\"yoast-schema-graph\">{\"@context\":\"https:\\\/\\\/schema.org\",\"@graph\":[{\"@type\":\"WebPage\",\"@id\":\"https:\\\/\\\/design.elegance-group.ca\\\/en\\\/contact\\\/\",\"url\":\"https:\\\/\\\/design.elegance-group.ca\\\/en\\\/contact\\\/\",\"name\":\"Contact Us | Design Elegance - Get in touch for your renovation projects\",\"isPartOf\":{\"@id\":\"https:\\\/\\\/design.elegance-group.ca\\\/en\\\/#website\"},\"datePublished\":\"2024-11-04T16:49:12+00:00\",\"dateModified\":\"2025-01-22T16:43:41+00:00\",\"description\":\"Reach out to Design Elegance to discuss your kitchen, bathroom, and renovation projects. We are here to assist you on the South Shore of Montreal, in Ch\u00e2teauguay, and throughout Mont\u00e9r\u00e9gie.\",\"breadcrumb\":{\"@id\":\"https:\\\/\\\/design.elegance-group.ca\\\/en\\\/contact\\\/#breadcrumb\"},\"inLanguage\":\"en-US\",\"potentialAction\":[{\"@type\":\"ReadAction\",\"target\":[\"https:\\\/\\\/design.elegance-group.ca\\\/en\\\/contact\\\/\"]}]},{\"@type\":\"BreadcrumbList\",\"@id\":\"https:\\\/\\\/design.elegance-group.ca\\\/en\\\/contact\\\/#breadcrumb\",\"itemListElement\":[{\"@type\":\"ListItem\",\"position\":1,\"name\":\"Home\",\"item\":\"https:\\\/\\\/design.elegance-group.ca\\\/en\\\/\"},{\"@type\":\"ListItem\",\"position\":2,\"name\":\"Contact\"}]},{\"@type\":\"WebSite\",\"@id\":\"https:\\\/\\\/design.elegance-group.ca\\\/en\\\/#website\",\"url\":\"https:\\\/\\\/design.elegance-group.ca\\\/en\\\/\",\"name\":\"Design Elegance\",\"description\":\"\",\"potentialAction\":[{\"@type\":\"SearchAction\",\"target\":{\"@type\":\"EntryPoint\",\"urlTemplate\":\"https:\\\/\\\/design.elegance-group.ca\\\/en\\\/?s={search_term_string}\"},\"query-input\":{\"@type\":\"PropertyValueSpecification\",\"valueRequired\":true,\"valueName\":\"search_term_string\"}}],\"inLanguage\":\"en-US\"}]}<\/script>\n<!-- \/ Yoast SEO plugin. -->","yoast_head_json":{"title":"Contact Us | Design Elegance - Get in touch for your renovation projects","description":"Reach out to Design Elegance to discuss your kitchen, bathroom, and renovation projects. We are here to assist you on the South Shore of Montreal, in Ch\u00e2teauguay, and throughout Mont\u00e9r\u00e9gie.","robots":{"index":"index","follow":"follow","max-snippet":"max-snippet:-1","max-image-preview":"max-image-preview:large","max-video-preview":"max-video-preview:-1"},"canonical":"https:\/\/design.elegance-group.ca\/en\/contact\/","og_locale":"en_US","og_type":"article","og_title":"Contact Us | Design Elegance - Get in touch for your renovation projects","og_description":"Reach out to Design Elegance to discuss your kitchen, bathroom, and renovation projects. We are here to assist you on the South Shore of Montreal, in Ch\u00e2teauguay, and throughout Mont\u00e9r\u00e9gie.","og_url":"https:\/\/design.elegance-group.ca\/en\/contact\/","og_site_name":"Design Elegance","article_modified_time":"2025-01-22T16:43:41+00:00","og_image":[{"width":1288,"height":416,"url":"https:\/\/design.elegance-group.ca\/wp-content\/uploads\/sites\/3\/2024\/11\/EleganceDesign_LOGO.png","type":"image\/png"}],"twitter_card":"summary_large_image","twitter_misc":{"Est. reading time":"1 minute"},"schema":{"@context":"https:\/\/schema.org","@graph":[{"@type":"WebPage","@id":"https:\/\/design.elegance-group.ca\/en\/contact\/","url":"https:\/\/design.elegance-group.ca\/en\/contact\/","name":"Contact Us | Design Elegance - Get in touch for your renovation projects","isPartOf":{"@id":"https:\/\/design.elegance-group.ca\/en\/#website"},"datePublished":"2024-11-04T16:49:12+00:00","dateModified":"2025-01-22T16:43:41+00:00","description":"Reach out to Design Elegance to discuss your kitchen, bathroom, and renovation projects. We are here to assist you on the South Shore of Montreal, in Ch\u00e2teauguay, and throughout Mont\u00e9r\u00e9gie.","breadcrumb":{"@id":"https:\/\/design.elegance-group.ca\/en\/contact\/#breadcrumb"},"inLanguage":"en-US","potentialAction":[{"@type":"ReadAction","target":["https:\/\/design.elegance-group.ca\/en\/contact\/"]}]},{"@type":"BreadcrumbList","@id":"https:\/\/design.elegance-group.ca\/en\/contact\/#breadcrumb","itemListElement":[{"@type":"ListItem","position":1,"name":"Home","item":"https:\/\/design.elegance-group.ca\/en\/"},{"@type":"ListItem","position":2,"name":"Contact"}]},{"@type":"WebSite","@id":"https:\/\/design.elegance-group.ca\/en\/#website","url":"https:\/\/design.elegance-group.ca\/en\/","name":"Design Elegance","description":"","potentialAction":[{"@type":"SearchAction","target":{"@type":"EntryPoint","urlTemplate":"https:\/\/design.elegance-group.ca\/en\/?s={search_term_string}"},"query-input":{"@type":"PropertyValueSpecification","valueRequired":true,"valueName":"search_term_string"}}],"inLanguage":"en-US"}]}},"_links":{"self":[{"href":"https:\/\/design.elegance-group.ca\/en\/wp-json\/wp\/v2\/pages\/939","targetHints":{"allow":["GET"]}}],"collection":[{"href":"https:\/\/design.elegance-group.ca\/en\/wp-json\/wp\/v2\/pages"}],"about":[{"href":"https:\/\/design.elegance-group.ca\/en\/wp-json\/wp\/v2\/types\/page"}],"author":[{"embeddable":true,"href":"https:\/\/design.elegance-group.ca\/en\/wp-json\/wp\/v2\/users\/1"}],"replies":[{"embeddable":true,"href":"https:\/\/design.elegance-group.ca\/en\/wp-json\/wp\/v2\/comments?post=939"}],"version-history":[{"count":0,"href":"https:\/\/design.elegance-group.ca\/en\/wp-json\/wp\/v2\/pages\/939\/revisions"}],"wp:attachment":[{"href":"https:\/\/design.elegance-group.ca\/en\/wp-json\/wp\/v2\/media?parent=939"}],"curies":[{"name":"wp","href":"https:\/\/api.w.org\/{rel}","templated":true}]}}