{"id":930,"date":"2024-11-04T16:48:53","date_gmt":"2024-11-04T16:48:53","guid":{"rendered":"https:\/\/design.elegance-group.ca\/a-propos\/"},"modified":"2025-01-22T18:51:16","modified_gmt":"2025-01-22T18:51:16","slug":"about","status":"publish","type":"page","link":"https:\/\/design.elegance-group.ca\/en\/about\/","title":{"rendered":"About"},"content":{"rendered":"\t\t<div data-elementor-type=\"wp-page\" data-elementor-id=\"930\" class=\"elementor elementor-930 elementor-90\" data-elementor-post-type=\"page\">\n\t\t\t\t\t\t<section class=\"elementor-section elementor-top-section elementor-element elementor-element-167011d elementor-section-height-min-height elementor-section-boxed elementor-section-height-default elementor-section-items-middle\" data-id=\"167011d\" data-element_type=\"section\" data-e-type=\"section\" data-settings=\"{&quot;background_background&quot;:&quot;classic&quot;}\">\n\t\t\t\t\t\t\t<div class=\"elementor-background-overlay\"><\/div>\n\t\t\t\t\t\t\t<div class=\"elementor-container elementor-column-gap-default\">\n\t\t\t\t\t<div class=\"elementor-column elementor-col-100 elementor-top-column elementor-element elementor-element-46cf9e8e\" data-id=\"46cf9e8e\" data-element_type=\"column\" data-e-type=\"column\">\n\t\t\t<div class=\"elementor-widget-wrap elementor-element-populated\">\n\t\t\t\t\t\t<div class=\"elementor-element elementor-element-7e38109e elementor-widget elementor-widget-elementskit-heading\" data-id=\"7e38109e\" data-element_type=\"widget\" data-e-type=\"widget\" data-widget_type=\"elementskit-heading.default\">\n\t\t\t\t<div class=\"elementor-widget-container\">\n\t\t\t\t\t<div class=\"ekit-wid-con\" ><div class=\"ekit-heading elementskit-section-title-wraper text_center   ekit_heading_tablet-text_center   ekit_heading_mobile-text_center\"><\/div><\/div>\t\t\t\t<\/div>\n\t\t\t\t<\/div>\n\t\t\t\t\t<\/div>\n\t\t<\/div>\n\t\t\t\t\t<\/div>\n\t\t<\/section>\n\t\t\t\t<section class=\"elementor-section elementor-top-section elementor-element elementor-element-dd81bbf elementor-section-content-middle elementor-section-boxed elementor-section-height-default elementor-section-height-default\" data-id=\"dd81bbf\" data-element_type=\"section\" data-e-type=\"section\" data-settings=\"{&quot;background_background&quot;:&quot;classic&quot;}\">\n\t\t\t\t\t\t\t<div class=\"elementor-background-overlay\"><\/div>\n\t\t\t\t\t\t\t<div class=\"elementor-container elementor-column-gap-default\">\n\t\t\t\t\t<div class=\"elementor-column elementor-col-50 elementor-top-column elementor-element elementor-element-b234832\" data-id=\"b234832\" data-element_type=\"column\" data-e-type=\"column\">\n\t\t\t<div class=\"elementor-widget-wrap elementor-element-populated\">\n\t\t\t\t\t\t<section class=\"elementor-section elementor-inner-section elementor-element elementor-element-7a555c9 elementor-section-content-middle elementor-section-boxed elementor-section-height-default elementor-section-height-default\" data-id=\"7a555c9\" data-element_type=\"section\" data-e-type=\"section\">\n\t\t\t\t\t\t\t<div class=\"elementor-background-overlay\"><\/div>\n\t\t\t\t\t\t\t<div class=\"elementor-container elementor-column-gap-no\">\n\t\t\t\t\t<div class=\"elementor-column elementor-col-100 elementor-inner-column elementor-element elementor-element-34a331d\" data-id=\"34a331d\" data-element_type=\"column\" data-e-type=\"column\">\n\t\t\t<div class=\"elementor-widget-wrap elementor-element-populated\">\n\t\t\t\t\t\t<div class=\"elementor-element elementor-element-e712426 elementor-widget elementor-widget-image\" data-id=\"e712426\" data-element_type=\"widget\" data-e-type=\"widget\" data-widget_type=\"image.default\">\n\t\t\t\t<div class=\"elementor-widget-container\">\n\t\t\t\t\t\t\t\t\t\t\t\t\t\t\t<img fetchpriority=\"high\" decoding=\"async\" width=\"800\" height=\"468\" src=\"https:\/\/design.elegance-group.ca\/wp-content\/uploads\/sites\/3\/2024\/11\/design-elegance-designer-1024x599.webp\" class=\"attachment-large size-large wp-image-282\" alt=\"\" srcset=\"https:\/\/design.elegance-group.ca\/wp-content\/uploads\/sites\/3\/2024\/11\/design-elegance-designer-1024x599.webp 1024w, https:\/\/design.elegance-group.ca\/wp-content\/uploads\/sites\/3\/2024\/11\/design-elegance-designer-300x176.webp 300w, https:\/\/design.elegance-group.ca\/wp-content\/uploads\/sites\/3\/2024\/11\/design-elegance-designer-768x449.webp 768w, https:\/\/design.elegance-group.ca\/wp-content\/uploads\/sites\/3\/2024\/11\/design-elegance-designer-1536x899.webp 1536w, https:\/\/design.elegance-group.ca\/wp-content\/uploads\/sites\/3\/2024\/11\/design-elegance-designer.webp 2000w\" sizes=\"(max-width: 800px) 100vw, 800px\" \/>\t\t\t\t\t\t\t\t\t\t\t\t\t\t\t<\/div>\n\t\t\t\t<\/div>\n\t\t\t\t\t<\/div>\n\t\t<\/div>\n\t\t\t\t\t<\/div>\n\t\t<\/section>\n\t\t\t\t\t<\/div>\n\t\t<\/div>\n\t\t\t\t<div class=\"elementor-column elementor-col-50 elementor-top-column elementor-element elementor-element-ddc1d24\" data-id=\"ddc1d24\" data-element_type=\"column\" data-e-type=\"column\">\n\t\t\t<div class=\"elementor-widget-wrap elementor-element-populated\">\n\t\t\t\t\t\t<div class=\"elementor-element elementor-element-ada977d elementor-widget elementor-widget-heading\" data-id=\"ada977d\" data-element_type=\"widget\" data-e-type=\"widget\" data-widget_type=\"heading.default\">\n\t\t\t\t<div class=\"elementor-widget-container\">\n\t\t\t\t\t<h5 class=\"elementor-heading-title elementor-size-default\">our culture<\/h5>\t\t\t\t<\/div>\n\t\t\t\t<\/div>\n\t\t\t\t<div class=\"elementor-element elementor-element-f59eaff elementor-widget-divider--view-line elementor-widget elementor-widget-divider\" data-id=\"f59eaff\" data-element_type=\"widget\" data-e-type=\"widget\" data-widget_type=\"divider.default\">\n\t\t\t\t<div class=\"elementor-widget-container\">\n\t\t\t\t\t\t\t<div class=\"elementor-divider\">\n\t\t\t<span class=\"elementor-divider-separator\">\n\t\t\t\t\t\t<\/span>\n\t\t<\/div>\n\t\t\t\t\t\t<\/div>\n\t\t\t\t<\/div>\n\t\t\t\t<div class=\"elementor-element elementor-element-23a42c8 elementor-widget elementor-widget-elementskit-heading\" data-id=\"23a42c8\" data-element_type=\"widget\" data-e-type=\"widget\" data-widget_type=\"elementskit-heading.default\">\n\t\t\t\t<div class=\"elementor-widget-container\">\n\t\t\t\t\t<div class=\"ekit-wid-con\" ><div class=\"ekit-heading elementskit-section-title-wraper text_left   ekit_heading_tablet-text_center   ekit_heading_mobile-text_left\"><h2 class=\"ekit-heading--title elementskit-section-title \">Who are we<\/h2>\t\t\t\t<div class='ekit-heading__description'>\n\t\t\t\t\t<p>At <strong>Design Elegance<\/strong>, we are passionate craftsmen first and foremost. For over <strong>25 years<\/strong>, we have been putting our expertise to work on renovation projects across the <strong>South Shore of Montreal, in Ch\u00e2teauguay, and in Mont\u00e9r\u00e9gie<\/strong>.<\/p>\n<p>From designing your dream space to installing custom <strong>kitchens, bathrooms, living rooms, and closets<\/strong>, we combine traditional woodworking quality with modern techniques to deliver unique creations. Every product is customizable and designed to balance functionality and style, perfectly reflecting your personality and needs.<\/p>\n<p>At Design Elegance, every renovation project is a collaboration aimed at creating a functional and aesthetic space in harmony with your vision.<\/p>\n\t\t\t\t<\/div>\n\t\t\t<\/div><\/div>\t\t\t\t<\/div>\n\t\t\t\t<\/div>\n\t\t\t\t\t<\/div>\n\t\t<\/div>\n\t\t\t\t\t<\/div>\n\t\t<\/section>\n\t\t\t\t<section class=\"elementor-section elementor-top-section elementor-element elementor-element-0540ae4 elementor-section-content-middle elementor-reverse-tablet elementor-reverse-mobile elementor-section-boxed elementor-section-height-default elementor-section-height-default\" data-id=\"0540ae4\" data-element_type=\"section\" data-e-type=\"section\" data-settings=\"{&quot;background_background&quot;:&quot;classic&quot;}\">\n\t\t\t\t\t\t\t<div class=\"elementor-background-overlay\"><\/div>\n\t\t\t\t\t\t\t<div class=\"elementor-container elementor-column-gap-default\">\n\t\t\t\t\t<div class=\"elementor-column elementor-col-50 elementor-top-column elementor-element elementor-element-4616ac9\" data-id=\"4616ac9\" data-element_type=\"column\" data-e-type=\"column\">\n\t\t\t<div class=\"elementor-widget-wrap elementor-element-populated\">\n\t\t\t\t\t\t<div class=\"elementor-element elementor-element-4a6eda9 elementor-widget elementor-widget-heading\" data-id=\"4a6eda9\" data-element_type=\"widget\" data-e-type=\"widget\" data-widget_type=\"heading.default\">\n\t\t\t\t<div class=\"elementor-widget-container\">\n\t\t\t\t\t<h5 class=\"elementor-heading-title elementor-size-default\">Our workshop<\/h5>\t\t\t\t<\/div>\n\t\t\t\t<\/div>\n\t\t\t\t<div class=\"elementor-element elementor-element-356fdbb elementor-widget-divider--view-line elementor-widget elementor-widget-divider\" data-id=\"356fdbb\" data-element_type=\"widget\" data-e-type=\"widget\" data-widget_type=\"divider.default\">\n\t\t\t\t<div class=\"elementor-widget-container\">\n\t\t\t\t\t\t\t<div class=\"elementor-divider\">\n\t\t\t<span class=\"elementor-divider-separator\">\n\t\t\t\t\t\t<\/span>\n\t\t<\/div>\n\t\t\t\t\t\t<\/div>\n\t\t\t\t<\/div>\n\t\t\t\t<div class=\"elementor-element elementor-element-3bf2bce elementor-widget elementor-widget-elementskit-heading\" data-id=\"3bf2bce\" data-element_type=\"widget\" data-e-type=\"widget\" data-widget_type=\"elementskit-heading.default\">\n\t\t\t\t<div class=\"elementor-widget-container\">\n\t\t\t\t\t<div class=\"ekit-wid-con\" ><div class=\"ekit-heading elementskit-section-title-wraper text_left   ekit_heading_tablet-text_center   ekit_heading_mobile-text_left\"><h2 class=\"ekit-heading--title elementskit-section-title \">Expertise and high-quality materials<\/h2>\t\t\t\t<div class='ekit-heading__description'>\n\t\t\t\t\t<p>In <strong>our workshop<\/strong>, each creation is meticulously handcrafted to achieve an unparalleled level of excellence. For <strong>designing kitchens and bathrooms on the South Shore of Montreal, in Ch\u00e2teauguay, and in Mont\u00e9r\u00e9gie<\/strong>, we carefully select high-quality materials to ensure reliability and durability.<\/p>\n<p>Our <strong>natural stone countertops, premium wood cabinets, and stainless-steel accessories<\/strong> bring a touch of elegance and strength to each project. This commitment to <strong>exceptional materials<\/strong> enhances the aesthetics of your spaces while ensuring optimal functionality that lasts over time.<\/p>\n\t\t\t\t<\/div>\n\t\t\t<\/div><\/div>\t\t\t\t<\/div>\n\t\t\t\t<\/div>\n\t\t\t\t\t<\/div>\n\t\t<\/div>\n\t\t\t\t<div class=\"elementor-column elementor-col-50 elementor-top-column elementor-element elementor-element-9448ae5\" data-id=\"9448ae5\" data-element_type=\"column\" data-e-type=\"column\">\n\t\t\t<div class=\"elementor-widget-wrap elementor-element-populated\">\n\t\t\t\t\t\t<section class=\"elementor-section elementor-inner-section elementor-element elementor-element-6d4dcd3 elementor-section-content-middle elementor-hidden-tablet elementor-hidden-mobile elementor-section-boxed elementor-section-height-default elementor-section-height-default\" data-id=\"6d4dcd3\" data-element_type=\"section\" data-e-type=\"section\">\n\t\t\t\t\t\t\t<div class=\"elementor-background-overlay\"><\/div>\n\t\t\t\t\t\t\t<div class=\"elementor-container elementor-column-gap-no\">\n\t\t\t\t\t<div class=\"elementor-column elementor-col-100 elementor-inner-column elementor-element elementor-element-20a7760 elementor-hidden-tablet elementor-hidden-mobile\" data-id=\"20a7760\" data-element_type=\"column\" data-e-type=\"column\">\n\t\t\t<div class=\"elementor-widget-wrap\">\n\t\t\t\t\t\t\t<\/div>\n\t\t<\/div>\n\t\t\t\t\t<\/div>\n\t\t<\/section>\n\t\t\t\t<div class=\"elementor-element elementor-element-5afc4e3 elementor-widget elementor-widget-image\" data-id=\"5afc4e3\" data-element_type=\"widget\" data-e-type=\"widget\" data-widget_type=\"image.default\">\n\t\t\t\t<div class=\"elementor-widget-container\">\n\t\t\t\t\t\t\t\t\t\t\t\t\t\t\t<img decoding=\"async\" width=\"800\" height=\"533\" src=\"https:\/\/design.elegance-group.ca\/wp-content\/uploads\/sites\/3\/2024\/11\/design-elegance-design-cuisine-1024x682.webp\" class=\"attachment-large size-large wp-image-284\" alt=\"\" srcset=\"https:\/\/design.elegance-group.ca\/wp-content\/uploads\/sites\/3\/2024\/11\/design-elegance-design-cuisine-1024x682.webp 1024w, https:\/\/design.elegance-group.ca\/wp-content\/uploads\/sites\/3\/2024\/11\/design-elegance-design-cuisine-300x200.webp 300w, https:\/\/design.elegance-group.ca\/wp-content\/uploads\/sites\/3\/2024\/11\/design-elegance-design-cuisine-768x512.webp 768w, https:\/\/design.elegance-group.ca\/wp-content\/uploads\/sites\/3\/2024\/11\/design-elegance-design-cuisine-1536x1024.webp 1536w, https:\/\/design.elegance-group.ca\/wp-content\/uploads\/sites\/3\/2024\/11\/design-elegance-design-cuisine.webp 2000w\" sizes=\"(max-width: 800px) 100vw, 800px\" \/>\t\t\t\t\t\t\t\t\t\t\t\t\t\t\t<\/div>\n\t\t\t\t<\/div>\n\t\t\t\t\t<\/div>\n\t\t<\/div>\n\t\t\t\t\t<\/div>\n\t\t<\/section>\n\t\t\t\t<\/div>\n\t\t","protected":false},"excerpt":{"rendered":"<p>our culture Who are we At Design Elegance, we are passionate craftsmen first and foremost. For over 25 years, we have been putting our expertise to work on renovation projects across the South Shore of Montreal, in Ch\u00e2teauguay, and in Mont\u00e9r\u00e9gie. From designing your dream space to installing custom kitchens, bathrooms, living rooms, and closets, [&hellip;]<\/p>\n","protected":false},"author":1,"featured_media":131,"parent":0,"menu_order":0,"comment_status":"closed","ping_status":"closed","template":"","meta":{"_acf_changed":false,"footnotes":""},"class_list":["post-930","page","type-page","status-publish","has-post-thumbnail","hentry"],"acf":[],"yoast_head":"<!-- This site is optimized with the Yoast SEO plugin v27.6 - https:\/\/yoast.com\/product\/yoast-seo-wordpress\/ -->\n<title>Expertise and High-Quality Materials | Design Elegance South Shore of Montreal<\/title>\n<meta name=\"description\" content=\"At Design Elegance, we create exceptional kitchens and bathrooms by selecting high-quality materials for lasting aesthetics. Discover our artisanal expertise on the South Shore of Montreal, in Ch\u00e2teauguay, and in Mont\u00e9r\u00e9gie.\" \/>\n<meta name=\"robots\" content=\"index, follow, max-snippet:-1, max-image-preview:large, max-video-preview:-1\" \/>\n<link rel=\"canonical\" href=\"https:\/\/design.elegance-group.ca\/en\/about\/\" \/>\n<meta property=\"og:locale\" content=\"en_US\" \/>\n<meta property=\"og:type\" content=\"article\" \/>\n<meta property=\"og:title\" content=\"Expertise and High-Quality Materials | Design Elegance South Shore of Montreal\" \/>\n<meta property=\"og:description\" content=\"At Design Elegance, we create exceptional kitchens and bathrooms by selecting high-quality materials for lasting aesthetics. Discover our artisanal expertise on the South Shore of Montreal, in Ch\u00e2teauguay, and in Mont\u00e9r\u00e9gie.\" \/>\n<meta property=\"og:url\" content=\"https:\/\/design.elegance-group.ca\/en\/about\/\" \/>\n<meta property=\"og:site_name\" content=\"Design Elegance\" \/>\n<meta property=\"article:modified_time\" content=\"2025-01-22T18:51:16+00:00\" \/>\n<meta property=\"og:image\" content=\"https:\/\/design.elegance-group.ca\/wp-content\/uploads\/sites\/3\/2024\/11\/architectural-building-design-2021-08-27-19-27-36-utc.jpg\" \/>\n\t<meta property=\"og:image:width\" content=\"1037\" \/>\n\t<meta property=\"og:image:height\" content=\"691\" \/>\n\t<meta property=\"og:image:type\" content=\"image\/jpeg\" \/>\n<meta name=\"twitter:card\" content=\"summary_large_image\" \/>\n<meta name=\"twitter:label1\" content=\"Est. reading time\" \/>\n\t<meta name=\"twitter:data1\" content=\"2 minutes\" \/>\n<script type=\"application\/ld+json\" class=\"yoast-schema-graph\">{\"@context\":\"https:\\\/\\\/schema.org\",\"@graph\":[{\"@type\":\"WebPage\",\"@id\":\"https:\\\/\\\/design.elegance-group.ca\\\/en\\\/about\\\/\",\"url\":\"https:\\\/\\\/design.elegance-group.ca\\\/en\\\/about\\\/\",\"name\":\"Expertise and High-Quality Materials | Design Elegance South Shore of Montreal\",\"isPartOf\":{\"@id\":\"https:\\\/\\\/design.elegance-group.ca\\\/en\\\/#website\"},\"primaryImageOfPage\":{\"@id\":\"https:\\\/\\\/design.elegance-group.ca\\\/en\\\/about\\\/#primaryimage\"},\"image\":{\"@id\":\"https:\\\/\\\/design.elegance-group.ca\\\/en\\\/about\\\/#primaryimage\"},\"thumbnailUrl\":\"https:\\\/\\\/design.elegance-group.ca\\\/wp-content\\\/uploads\\\/sites\\\/3\\\/2024\\\/11\\\/architectural-building-design-2021-08-27-19-27-36-utc.jpg\",\"datePublished\":\"2024-11-04T16:48:53+00:00\",\"dateModified\":\"2025-01-22T18:51:16+00:00\",\"description\":\"At Design Elegance, we create exceptional kitchens and bathrooms by selecting high-quality materials for lasting aesthetics. Discover our artisanal expertise on the South Shore of Montreal, in Ch\u00e2teauguay, and in Mont\u00e9r\u00e9gie.\",\"breadcrumb\":{\"@id\":\"https:\\\/\\\/design.elegance-group.ca\\\/en\\\/about\\\/#breadcrumb\"},\"inLanguage\":\"en-US\",\"potentialAction\":[{\"@type\":\"ReadAction\",\"target\":[\"https:\\\/\\\/design.elegance-group.ca\\\/en\\\/about\\\/\"]}]},{\"@type\":\"ImageObject\",\"inLanguage\":\"en-US\",\"@id\":\"https:\\\/\\\/design.elegance-group.ca\\\/en\\\/about\\\/#primaryimage\",\"url\":\"https:\\\/\\\/design.elegance-group.ca\\\/wp-content\\\/uploads\\\/sites\\\/3\\\/2024\\\/11\\\/architectural-building-design-2021-08-27-19-27-36-utc.jpg\",\"contentUrl\":\"https:\\\/\\\/design.elegance-group.ca\\\/wp-content\\\/uploads\\\/sites\\\/3\\\/2024\\\/11\\\/architectural-building-design-2021-08-27-19-27-36-utc.jpg\",\"width\":1037,\"height\":691},{\"@type\":\"BreadcrumbList\",\"@id\":\"https:\\\/\\\/design.elegance-group.ca\\\/en\\\/about\\\/#breadcrumb\",\"itemListElement\":[{\"@type\":\"ListItem\",\"position\":1,\"name\":\"Home\",\"item\":\"https:\\\/\\\/design.elegance-group.ca\\\/en\\\/\"},{\"@type\":\"ListItem\",\"position\":2,\"name\":\"About\"}]},{\"@type\":\"WebSite\",\"@id\":\"https:\\\/\\\/design.elegance-group.ca\\\/en\\\/#website\",\"url\":\"https:\\\/\\\/design.elegance-group.ca\\\/en\\\/\",\"name\":\"Design Elegance\",\"description\":\"\",\"potentialAction\":[{\"@type\":\"SearchAction\",\"target\":{\"@type\":\"EntryPoint\",\"urlTemplate\":\"https:\\\/\\\/design.elegance-group.ca\\\/en\\\/?s={search_term_string}\"},\"query-input\":{\"@type\":\"PropertyValueSpecification\",\"valueRequired\":true,\"valueName\":\"search_term_string\"}}],\"inLanguage\":\"en-US\"}]}<\/script>\n<!-- \/ Yoast SEO plugin. -->","yoast_head_json":{"title":"Expertise and High-Quality Materials | Design Elegance South Shore of Montreal","description":"At Design Elegance, we create exceptional kitchens and bathrooms by selecting high-quality materials for lasting aesthetics. Discover our artisanal expertise on the South Shore of Montreal, in Ch\u00e2teauguay, and in Mont\u00e9r\u00e9gie.","robots":{"index":"index","follow":"follow","max-snippet":"max-snippet:-1","max-image-preview":"max-image-preview:large","max-video-preview":"max-video-preview:-1"},"canonical":"https:\/\/design.elegance-group.ca\/en\/about\/","og_locale":"en_US","og_type":"article","og_title":"Expertise and High-Quality Materials | Design Elegance South Shore of Montreal","og_description":"At Design Elegance, we create exceptional kitchens and bathrooms by selecting high-quality materials for lasting aesthetics. Discover our artisanal expertise on the South Shore of Montreal, in Ch\u00e2teauguay, and in Mont\u00e9r\u00e9gie.","og_url":"https:\/\/design.elegance-group.ca\/en\/about\/","og_site_name":"Design Elegance","article_modified_time":"2025-01-22T18:51:16+00:00","og_image":[{"width":1037,"height":691,"url":"https:\/\/design.elegance-group.ca\/wp-content\/uploads\/sites\/3\/2024\/11\/architectural-building-design-2021-08-27-19-27-36-utc.jpg","type":"image\/jpeg"}],"twitter_card":"summary_large_image","twitter_misc":{"Est. reading time":"2 minutes"},"schema":{"@context":"https:\/\/schema.org","@graph":[{"@type":"WebPage","@id":"https:\/\/design.elegance-group.ca\/en\/about\/","url":"https:\/\/design.elegance-group.ca\/en\/about\/","name":"Expertise and High-Quality Materials | Design Elegance South Shore of Montreal","isPartOf":{"@id":"https:\/\/design.elegance-group.ca\/en\/#website"},"primaryImageOfPage":{"@id":"https:\/\/design.elegance-group.ca\/en\/about\/#primaryimage"},"image":{"@id":"https:\/\/design.elegance-group.ca\/en\/about\/#primaryimage"},"thumbnailUrl":"https:\/\/design.elegance-group.ca\/wp-content\/uploads\/sites\/3\/2024\/11\/architectural-building-design-2021-08-27-19-27-36-utc.jpg","datePublished":"2024-11-04T16:48:53+00:00","dateModified":"2025-01-22T18:51:16+00:00","description":"At Design Elegance, we create exceptional kitchens and bathrooms by selecting high-quality materials for lasting aesthetics. Discover our artisanal expertise on the South Shore of Montreal, in Ch\u00e2teauguay, and in Mont\u00e9r\u00e9gie.","breadcrumb":{"@id":"https:\/\/design.elegance-group.ca\/en\/about\/#breadcrumb"},"inLanguage":"en-US","potentialAction":[{"@type":"ReadAction","target":["https:\/\/design.elegance-group.ca\/en\/about\/"]}]},{"@type":"ImageObject","inLanguage":"en-US","@id":"https:\/\/design.elegance-group.ca\/en\/about\/#primaryimage","url":"https:\/\/design.elegance-group.ca\/wp-content\/uploads\/sites\/3\/2024\/11\/architectural-building-design-2021-08-27-19-27-36-utc.jpg","contentUrl":"https:\/\/design.elegance-group.ca\/wp-content\/uploads\/sites\/3\/2024\/11\/architectural-building-design-2021-08-27-19-27-36-utc.jpg","width":1037,"height":691},{"@type":"BreadcrumbList","@id":"https:\/\/design.elegance-group.ca\/en\/about\/#breadcrumb","itemListElement":[{"@type":"ListItem","position":1,"name":"Home","item":"https:\/\/design.elegance-group.ca\/en\/"},{"@type":"ListItem","position":2,"name":"About"}]},{"@type":"WebSite","@id":"https:\/\/design.elegance-group.ca\/en\/#website","url":"https:\/\/design.elegance-group.ca\/en\/","name":"Design Elegance","description":"","potentialAction":[{"@type":"SearchAction","target":{"@type":"EntryPoint","urlTemplate":"https:\/\/design.elegance-group.ca\/en\/?s={search_term_string}"},"query-input":{"@type":"PropertyValueSpecification","valueRequired":true,"valueName":"search_term_string"}}],"inLanguage":"en-US"}]}},"_links":{"self":[{"href":"https:\/\/design.elegance-group.ca\/en\/wp-json\/wp\/v2\/pages\/930","targetHints":{"allow":["GET"]}}],"collection":[{"href":"https:\/\/design.elegance-group.ca\/en\/wp-json\/wp\/v2\/pages"}],"about":[{"href":"https:\/\/design.elegance-group.ca\/en\/wp-json\/wp\/v2\/types\/page"}],"author":[{"embeddable":true,"href":"https:\/\/design.elegance-group.ca\/en\/wp-json\/wp\/v2\/users\/1"}],"replies":[{"embeddable":true,"href":"https:\/\/design.elegance-group.ca\/en\/wp-json\/wp\/v2\/comments?post=930"}],"version-history":[{"count":0,"href":"https:\/\/design.elegance-group.ca\/en\/wp-json\/wp\/v2\/pages\/930\/revisions"}],"wp:featuredmedia":[{"embeddable":true,"href":"https:\/\/design.elegance-group.ca\/en\/wp-json\/wp\/v2\/media\/131"}],"wp:attachment":[{"href":"https:\/\/design.elegance-group.ca\/en\/wp-json\/wp\/v2\/media?parent=930"}],"curies":[{"name":"wp","href":"https:\/\/api.w.org\/{rel}","templated":true}]}}